{"id":542,"date":"2015-11-26T12:31:50","date_gmt":"2015-11-26T12:31:50","guid":{"rendered":"http:\/\/192.168.0.6\/demo\/?page_id=542"},"modified":"2026-03-17T14:44:05","modified_gmt":"2026-03-17T17:44:05","slug":"homepage-gym","status":"publish","type":"page","link":"https:\/\/lacarrerademiguel.com.ar\/2026\/","title":{"rendered":"Homepage Gym"},"content":{"rendered":"<p>[vc_row row_type=\u00bbfull_width\u00bb type=\u00bbcontainer\u00bb bg_select=\u00bbbg_parallax\u00bb border_color=\u00bb#ffffff\u00bb bg_color=\u00bb#ffffff\u00bb anchor=\u00bbinicio\u00bb][vc_column m_top=\u00bb0&#8243; offset=\u00bbvc_hidden-lg vc_hidden-md\u00bb][\/vc_column][\/vc_row][vc_row row_type=\u00bbfull_width\u00bb type=\u00bbcontainer\u00bb bg_select=\u00bbbg_parallax\u00bb border_color=\u00bb#ffffff\u00bb bg_color=\u00bb#ffffff\u00bb anchor=\u00bbinicio\u00bb m_top=\u00bb-40px\u00bb p_bottom=\u00bb0&#8243; m_bottom=\u00bb0&#8243;][vc_column m_top=\u00bb0&#8243; offset=\u00bbvc_hidden-sm vc_hidden-xs\u00bb p_bottom=\u00bb0&#8243; m_bottom=\u00bb0&#8243;][\/vc_column][vc_column offset=\u00bbvc_hidden-lg vc_hidden-md\u00bb m_top=\u00bb-30px\u00bb][\/vc_column][\/vc_row][vc_row row_type=\u00bbfull_width\u00bb type=\u00bbcontainer\u00bb bg_select=\u00bbbg_color_section\u00bb border_color=\u00bb#ffffff\u00bb bg_color=\u00bbrgba(252,252,252,0.42)\u00bb anchor=\u00bbinformacion\u00bb p_top=\u00bb80&#8243;][vc_column]<div class=\"wbc-heading clearfix\"><h1 class=\"default-heading\" style=\"font-size:45px;text-align:left;margin-bottom:0px;\"><span class=\"wbc-color\" >La carrera de Miguel<\/span> 2026<\/h1><\/div><div class=\"wbc-heading clearfix\"><div class=\"default-heading\" style=\"font-size:15px;text-align:left;padding-bottom:15px;padding-right:10%;padding-top:10px;\">La carrera de Miguel vuelve para recordarnos que correr tambi\u00e9n es un acto de memoria, identidad y compromiso. Inspirada en la historia de Miguel Benancio S\u00e1nchez \u2014atleta, poeta y desaparecido durante la \u00faltima dictadura\u2014 esta edici\u00f3n invita a miles de personas a transformar las calles en un espacio de homenaje y participaci\u00f3n colectiva.<\/div><\/div>[vc_row_inner css=\u00bb.vc_custom_1773769368521{padding-top: 0px !important;}\u00bb][vc_column_inner width=\u00bb1\/4&#8243;]<div style=\"text-align:left\"><a style=\"font-size:18px;color:#000000 !important;background-color:#ffcb00;border-color:#ffcb00;width:269px;margin-bottom:45px;padding-bottom:15px;padding-top:15px;\" class=\"wbc-button button btn-primary\" href=\"https:\/\/eventick.com.ar\/evento\/408\" target=\"_self\"  data-hover-bg=\"#ffcb00\" >INSCRIBITE GRATIS<\/a><\/div>[\/vc_column_inner][vc_column_inner width=\u00bb1\/4&#8243;]<div style=\"text-align:left\"><a style=\"font-size:18px;color:#000000 !important;background-color:#ffcb00;border-color:#ffcb00;width:269px;margin-bottom:45px;padding-bottom:15px;padding-top:15px;\" class=\"wbc-button button btn-primary\" href=\"https:\/\/atresult.com\/evento\/1021\" target=\"_blank\"  data-hover-bg=\"#ffcb00\" >VER CLASIFICACI\u00d3N<\/a><\/div>[\/vc_column_inner][vc_column_inner width=\u00bb1\/4&#8243;][\/vc_column_inner][vc_column_inner width=\u00bb1\/4&#8243;][\/vc_column_inner][\/vc_row_inner][\/vc_column][\/vc_row][vc_row row_type=\u00bbfull_width\u00bb type=\u00bbcontainer\u00bb bg_select=\u00bbbg_color_section\u00bb border_color=\u00bb#ffffff\u00bb bg_color=\u00bbrgba(252,252,252,0.42)\u00bb anchor=\u00bbinformacion\u00bb p_bottom=\u00bb30&#8243;][vc_column width=\u00bb1\/3&#8243; p_bottom=\u00bb1&#8243;]<div class=\"wbc-icon-box clearfix\" ><div class=\"wbc-icon-wrapper wbc-icon-style-4 icon-background icon-circle\" style=\"border-color:#143244;\" data-custom-hover=\"1\"><span class=\"wbc-icon\" style=\"font-size:35px;color:#ffffff;background-color:#143244;border-color:#143244;\" data-hover-color=\"#ffffff\"><i class=\"wbc-font-icon vc-oi vc-oi-calendar\"><\/i><\/span><\/div>\n<div class=\"wbc-box-content\"><h4 >FECHA<\/h4><p style=\"text-align: left;\"><span style=\"font-size: 14px;\">22 de marzo 2026<\/span><\/p>\n<\/div><\/div>[\/vc_column][vc_column width=\u00bb1\/3&#8243;]<div class=\"wbc-icon-box clearfix\" ><div class=\"wbc-icon-wrapper icon-background icon-circle\" style=\"border-color:#143244;\" data-custom-hover=\"1\"><span class=\"wbc-icon\" style=\"font-size:35px;color:#ffffff;background-color:#143244;border-color:#143244;\" data-hover-color=\"#ffffff\"><i class=\"wbc-font-icon entypo-icon entypo-icon-address\"><\/i><\/span><\/div>\n<div class=\"wbc-box-content\"><h4 >DISTANCIAS<\/h4><ul>\n<li>8 KM Competitiva<\/li>\n<li>3 KM Participativos<\/li>\n<\/ul>\n<\/div><\/div>[\/vc_column][vc_column width=\u00bb1\/3&#8243;]<div class=\"wbc-icon-box clearfix\" ><div class=\"wbc-icon-wrapper icon-background icon-circle\" style=\"border-color:#143244;\"><span class=\"wbc-icon\" style=\"font-size:35px;color:#ffffff;background-color:#143244;border-color:#143244;\"><i class=\"wbc-font-icon typcn typcn-map\"><\/i><\/span><\/div>\n<div class=\"wbc-box-content\"><h4 >LUGAR<\/h4><p>Miguel S\u00e1nchez y Padre Canavery, CABA<br \/>\n<a href=\"https:\/\/maps.app.goo.gl\/hmCZsRx7rwKLjvsd7\" target=\"_blank\" rel=\"noopener\">Ampliar ubicaci\u00f3n<\/a><\/p>\n<\/div><\/div>[\/vc_column][\/vc_row][vc_row row_type=\u00bbfull_width\u00bb type=\u00bbcontainer\u00bb bg_select=\u00bbbg_color_section\u00bb border_color=\u00bb#ffffff\u00bb bg_color=\u00bbrgba(252,252,252,0.42)\u00bb anchor=\u00bbinformacion\u00bb p_bottom=\u00bb30&#8243;][vc_column width=\u00bb1\/3&#8243;]<div class=\"wbc-icon-box clearfix\" ><div class=\"wbc-icon-wrapper icon-background icon-circle\" style=\"border-color:#143244;\" data-custom-hover=\"1\"><span class=\"wbc-icon\" style=\"font-size:35px;color:#ffffff;background-color:#143244;border-color:#143244;\" data-hover-color=\"#ffffff\"><i class=\"wbc-font-icon vc-oi vc-oi-clock\"><\/i><\/span><\/div>\n<div class=\"wbc-box-content\"><h4 >HORARIO ACCESOS<\/h4><p><span style=\"font-size: 14px;\">7:45 AM<\/span><\/p>\n<\/div><\/div>[\/vc_column][vc_column width=\u00bb1\/3&#8243;]<div class=\"wbc-icon-box clearfix\" ><div class=\"wbc-icon-wrapper icon-background icon-circle\" style=\"border-color:#143244;\" data-custom-hover=\"1\"><span class=\"wbc-icon\" style=\"font-size:35px;color:#ffffff;background-color:#143244;border-color:#143244;\" data-hover-color=\"#ffffff\"><i class=\"wbc-font-icon flaticon-timer22\"><\/i><\/span><\/div>\n<div class=\"wbc-box-content\"><h4 >HORARIO LARGADAS<\/h4><p><span style=\"font-size: 14px;\">8:30 AM<\/span><\/p>\n<\/div><\/div>[\/vc_column][vc_column width=\u00bb1\/3&#8243;]<div class=\"wbc-icon-box clearfix\" ><div class=\"wbc-icon-wrapper icon-background icon-circle\" style=\"border-color:#143244;\" data-custom-hover=\"1\"><span class=\"wbc-icon\" style=\"font-size:35px;color:#ffffff;background-color:#143244;border-color:#143244;\" data-hover-color=\"#ffffff\"><i class=\"wbc-font-icon vc-oi vc-oi-article-alt\"><\/i><\/span><\/div>\n<div class=\"wbc-box-content\"><h4 >CLASIFICACI\u00d3N<\/h4><p><span style=\"font-size: 14px;\">Disponible el 23 de marzo en este sitio<\/span><\/p>\n<\/div><\/div>[\/vc_column][\/vc_row][vc_row row_type=\u00bbfull_width\u00bb type=\u00bbcontainer\u00bb bg_select=\u00bbbg_color_section\u00bb border_color=\u00bb#ffffff\u00bb bg_color=\u00bbrgba(252,252,252,0.42)\u00bb anchor=\u00bbinformacion\u00bb p_bottom=\u00bb40&#8243;][vc_column width=\u00bb1\/3&#8243;]<div class=\"wbc-icon-box clearfix\" ><div class=\"wbc-icon-wrapper icon-background icon-circle\" style=\"border-color:#143244;\" data-custom-hover=\"1\"><span class=\"wbc-icon\" style=\"font-size:35px;color:#ffffff;background-color:#143244;border-color:#143244;\" data-hover-color=\"#ffffff\"><i class=\"wbc-font-icon vc_li vc_li-t-shirt\"><\/i><\/span><\/div>\n<div class=\"wbc-box-content\"><h4 >RETIR\u00c1 TU KIT<\/h4><p><strong>Instituto Romero Brest<\/strong><br \/>\nEn una carpa ubicada en el sector de Largada en Av. Miguel S\u00e1nchez<\/p>\n<p>Domingo 22 de marzo 2026<br \/>\n6:00 a 8:00 am<\/p>\n<\/div><\/div>[\/vc_column][vc_column width=\u00bb1\/3&#8243;]<div class=\"wbc-icon-box clearfix\" ><div class=\"wbc-icon-wrapper icon-background icon-circle\" style=\"border-color:#143244;\" data-custom-hover=\"1\"><span class=\"wbc-icon\" style=\"font-size:35px;color:#ffffff;background-color:#143244;border-color:#143244;\" data-hover-color=\"#ffffff\"><i class=\"wbc-font-icon vc-oi vc-oi-user\"><\/i><\/span><\/div>\n<div class=\"wbc-box-content\"><h4 >DOCUMENTACI\u00d3N<\/h4><p><span style=\"font-size: 14px;\">\u2013\u00a0<a href=\"https:\/\/eventick.com.ar\/micuenta\/\" target=\"_blank\" rel=\"noopener\">Eventick Pass<\/a> <strong>IMPRESO<\/strong><\/span><br \/>\n<span style=\"font-size: 14px;\">\u2013\u00a0Apto m\u00e9dico <strong>IMPRESO<\/strong><\/span><br \/>\n<span style=\"font-size: 14px;\">\u2013 DNI \/ Pasaporte<\/span><\/p>\n<blockquote>\n<p><strong><span style=\"font-size: 12px;\">SOLO SE ACEPTA EVENTICK PASS Y APTO M\u00c9DICO IMPRESO<\/span><\/strong><\/p>\n<p><em><strong><span style=\"font-size: 12px;\">NO SER\u00c1N V\u00c1LIDA LAS VERSI\u00d3NES DIGITALES<\/span><\/strong><\/em><\/p>\n<\/blockquote>\n<\/div><\/div>[\/vc_column][vc_column width=\u00bb1\/3&#8243;][vc_gmaps link=\u00bb#E-8_JTNDaWZyYW1lJTIwc3JjJTNEJTIyaHR0cHMlM0ElMkYlMkZ3d3cuZ29vZ2xlLmNvbSUyRm1hcHMlMkZlbWJlZCUzRnBiJTNEJTIxMW0xNCUyMTFtOCUyMTFtMyUyMTFkMzkwOC4yODIyNDgzOTE5Mzc2JTIxMmQtNTguNDU1OTYwNjEwNzkzNiUyMTNkLTM0LjU0MTg5MzMxMDMxNTk4JTIxM20yJTIxMWkxMDI0JTIxMmk3NjglMjE0ZjEzLjElMjEzbTMlMjExbTIlMjExczB4OTViY2I0MjNiY2RlMDA4YiUyNTNBMHgxMGYzNDQzZWFiYmYwMTBmJTIxMnNNaWd1ZWwlMjUyMEIuJTI1MjBTJTI1QzMlMjVBMW5jaGV6JTI1MjAlMjUyNiUyNTIwUGFkcmUlMjUyMENhbmF2ZXJ5JTI1MkMlMjUyMEMxNDI5JTI1MjBDZGFkLiUyNTIwQXV0JTI1QzMlMjVCM25vbWElMjUyMGRlJTI1MjBCdWVub3MlMjUyMEFpcmVzJTI1MkMlMjUyMEFyZ2VudGluYSUyMTVlMCUyMTNtMiUyMTFzZXMtNDE5JTIxMnN1cyUyMTR2MTc3MDY1NzM5OTgxMSUyMTVtMiUyMTFzZXMtNDE5JTIxMnN1cyUyMiUyMHdpZHRoJTNEJTIyMzAwJTIyJTIwaGVpZ2h0JTNEJTIyMjUwJTIyJTIwc3R5bGUlM0QlMjJib3JkZXIlM0EwJTNCJTIyJTIwYWxsb3dmdWxsc2NyZWVuJTNEJTIyJTIyJTIwbG9hZGluZyUzRCUyMmxhenklMjIlMjByZWZlcnJlcnBvbGljeSUzRCUyMm5vLXJlZmVycmVyLXdoZW4tZG93bmdyYWRlJTIyJTNFJTNDJTJGaWZyYW1lJTNF\u00bb css=\u00bb.vc_custom_1770657414225{padding-bottom: 30px !important;}\u00bb][\/vc_column][\/vc_row][vc_row row_type=\u00bbfull_width\u00bb type=\u00bbcontainer\u00bb bg_select=\u00bbbg_parallax\u00bb parallax_speed=\u00bb0&#8243; fancy_row=\u00bbdown_arrow\u00bb p_top=\u00bb150&#8243; p_bottom=\u00bb150&#8243; parallax_img=\u00bb3676&#8243; anchor=\u00bbinscribite\u00bb parallax_overlay=\u00bbrgba(247,247,247,0.6)\u00bb][vc_column width=\u00bb2\/3&#8243;]<div class=\"wbc-heading clearfix\"><h1 class=\"default-heading\" style=\"font-size:22px;color:#173443;margin-bottom:0px;\">La carrera de Miguel 2026<\/h1><\/div><div class=\"wbc-heading clearfix\"><h3 class=\"default-heading\" style=\"font-size:50px;color:#ffcb00;\">INSCRIBITE<\/h3><\/div><div class=\"wbc-heading clearfix\"><div class=\"default-heading\" style=\"font-size:15px;color:#000000;text-align:left;margin-bottom:25px;\">Ingres\u00e1 al reglamento para conocer m\u00e1s informaci\u00f3n sobre la Carrera de Miguel 2026. Es importante que lo leas con atenci\u00f3n ya que contiene toda la informaci\u00f3n del evento.<\/div><\/div><div class=\"wbc-heading clearfix\"><div class=\"default-heading\" style=\"font-size:15px;color:#000000;text-align:left;margin-bottom:20px;\">La carrera de Miguel vuelve para recordarnos que correr tambi\u00e9n es un acto de memoria, identidad y compromiso. Inspirada en la historia de Miguel Benancio S\u00e1nchez \u2014atleta, poeta y desaparecido durante la \u00faltima dictadura\u2014 esta edici\u00f3n invita a miles de personas a transformar las calles en un espacio de homenaje y participaci\u00f3n colectiva.<\/div><\/div><div class=\"wbc-heading clearfix\"><div class=\"default-heading\" style=\"font-size:15px;color:#000000;text-align:left;margin-bottom:45px;\">Sumate a un evento que trasciende lo deportivo:<br \/>\n- Corr\u00e9s por vos, por Miguel y por todos los que siguen presentes en nuestra memoria.<br \/>\n- Viv\u00eds un recorrido cargado de emoci\u00f3n, energ\u00eda y comunidad.<br \/>\n- Form\u00e1s parte de una tradici\u00f3n que une deporte, derechos humanos y memoria activa.<\/p>\n<p>Ya seas corredor, caminante o acompa\u00f1ante, tu presencia hace la diferencia.<br \/>\nInscribite y s\u00e9 parte de esta historia que sigue avanzando.<\/div><\/div>[\/vc_column][vc_column width=\u00bb1\/3&#8243; content_align=\u00bbtext-right\u00bb]<div style=\"text-align:center\"><a style=\"font-size:18px;color:#000000 !important;background-color:#ffcb00;border-color:#ffcb00;width:269px;margin-top:45px;padding-bottom:15px;padding-top:15px;\" class=\"wbc-button button btn-primary\" href=\"https:\/\/eventick.com.ar\/evento\/408\" target=\"_self\"  data-hover-bg=\"#ffcb00\" >INSCRIBITE GRATIS<\/a><\/div><div style=\"text-align:center\"><a style=\"font-size:16px;color:#000000 !important;background-color:#ffcb00;border-color:#ffcb00;width:269px;margin-top:45px;padding-bottom:15px;padding-top:15px;\" class=\"wbc-button button btn-primary\" href=\"https:\/\/eventick.com.ar\/micuenta\/\" target=\"_blank\"  data-hover-bg=\"#ffcb00\" >EVENTICK PASS IMPRESO<\/a><\/div><div style=\"text-align:center\"><a style=\"font-size:16px;color:#000000 !important;background-color:#ffcb00;border-color:#ffcb00;width:269px;margin-top:45px;padding-bottom:15px;padding-top:15px;\" class=\"wbc-button button btn-primary\" href=\"https:\/\/docs.google.com\/document\/d\/e\/2PACX-1vSdSQh7EnIuWyaSrt6BERgOHt8clOjyrgNL2D1FGWnEZlnmMIUu9oUeadBSL-DHsA\/pub\" target=\"_blank\"  data-hover-border=\"#2b2b2b\" >REGLAMENTO 2026<\/a><\/div><div style=\"text-align:center\"><a style=\"font-size:16px;color:#000000 !important;background-color:#ededed;border-color:#ededed;width:269px;margin-top:45px;padding-bottom:15px;padding-top:15px;\" class=\"wbc-button button btn-primary\" href=\"#\" target=\"_self\"  data-hover-border=\"#2b2b2b\" >CLASIFICACI\u00d3N<\/a><\/div>[\/vc_column][\/vc_row]<\/p>\n","protected":false},"excerpt":{"rendered":"<p>[vc_row row_type=\u00bbfull_width\u00bb type=\u00bbcontainer\u00bb bg_select=\u00bbbg_parallax\u00bb border_color=\u00bb#ffffff\u00bb bg_color=\u00bb#ffffff\u00bb anchor=\u00bbinicio\u00bb][vc_column m_top=\u00bb0&#8243; offset=\u00bbvc_hidden-lg vc_hidden-md\u00bb][\/vc_column][\/vc_row][vc_row row_type=\u00bbfull_width\u00bb type=\u00bbcontainer\u00bb bg_select=\u00bbbg_parallax\u00bb border_color=\u00bb#ffffff\u00bb bg_color=\u00bb#ffffff\u00bb anchor=\u00bbinicio\u00bb m_top=\u00bb-40px\u00bb p_bottom=\u00bb0&#8243; m_bottom=\u00bb0&#8243;][vc_column m_top=\u00bb0&#8243; offset=\u00bbvc_hidden-sm vc_hidden-xs\u00bb p_bottom=\u00bb0&#8243; m_bottom=\u00bb0&#8243;][\/vc_column][vc_column offset=\u00bbvc_hidden-lg vc_hidden-md\u00bb m_top=\u00bb-30px\u00bb][\/vc_column][\/vc_row][vc_row row_type=\u00bbfull_width\u00bb type=\u00bbcontainer\u00bb bg_select=\u00bbbg_color_section\u00bb border_color=\u00bb#ffffff\u00bb bg_color=\u00bbrgba(252,252,252,0.42)\u00bb anchor=\u00bbinformacion\u00bb p_top=\u00bb80&#8243;][vc_column][vc_row_inner css=\u00bb.vc_custom_1773769368521{padding-top: 0px !important;}\u00bb][vc_column_inner width=\u00bb1\/4&#8243;][\/vc_column_inner][vc_column_inner width=\u00bb1\/4&#8243;][\/vc_column_inner][vc_column_inner width=\u00bb1\/4&#8243;][\/vc_column_inner][vc_column_inner width=\u00bb1\/4&#8243;][\/vc_column_inner][\/vc_row_inner][\/vc_column][\/vc_row][vc_row row_type=\u00bbfull_width\u00bb type=\u00bbcontainer\u00bb bg_select=\u00bbbg_color_section\u00bb border_color=\u00bb#ffffff\u00bb bg_color=\u00bbrgba(252,252,252,0.42)\u00bb anchor=\u00bbinformacion\u00bb p_bottom=\u00bb30&#8243;][vc_column width=\u00bb1\/3&#8243; p_bottom=\u00bb1&#8243;][\/vc_column][vc_column width=\u00bb1\/3&#8243;][\/vc_column][vc_column width=\u00bb1\/3&#8243;][\/vc_column][\/vc_row][vc_row row_type=\u00bbfull_width\u00bb type=\u00bbcontainer\u00bb bg_select=\u00bbbg_color_section\u00bb [&hellip;]<\/p>\n","protected":false},"author":1,"featured_media":0,"parent":0,"menu_order":0,"comment_status":"closed","ping_status":"closed","template":"template-page-full.php","meta":{"footnotes":""},"class_list":["post-542","page","type-page","status-publish","hentry"],"_links":{"self":[{"href":"https:\/\/lacarrerademiguel.com.ar\/2026\/wp-json\/wp\/v2\/pages\/542","targetHints":{"allow":["GET"]}}],"collection":[{"href":"https:\/\/lacarrerademiguel.com.ar\/2026\/wp-json\/wp\/v2\/pages"}],"about":[{"href":"https:\/\/lacarrerademiguel.com.ar\/2026\/wp-json\/wp\/v2\/types\/page"}],"author":[{"embeddable":true,"href":"https:\/\/lacarrerademiguel.com.ar\/2026\/wp-json\/wp\/v2\/users\/1"}],"replies":[{"embeddable":true,"href":"https:\/\/lacarrerademiguel.com.ar\/2026\/wp-json\/wp\/v2\/comments?post=542"}],"version-history":[{"count":1133,"href":"https:\/\/lacarrerademiguel.com.ar\/2026\/wp-json\/wp\/v2\/pages\/542\/revisions"}],"predecessor-version":[{"id":3762,"href":"https:\/\/lacarrerademiguel.com.ar\/2026\/wp-json\/wp\/v2\/pages\/542\/revisions\/3762"}],"wp:attachment":[{"href":"https:\/\/lacarrerademiguel.com.ar\/2026\/wp-json\/wp\/v2\/media?parent=542"}],"curies":[{"name":"wp","href":"https:\/\/api.w.org\/{rel}","templated":true}]}}